{"id":304,"date":"2024-01-11T22:12:32","date_gmt":"2024-01-11T22:12:32","guid":{"rendered":"https:\/\/wonderjerky.com\/?page_id=304"},"modified":"2024-03-01T10:08:36","modified_gmt":"2024-03-01T09:08:36","slug":"payment-and-delivery","status":"publish","type":"page","link":"https:\/\/wonderjerky.com\/ua\/payment-and-delivery\/","title":{"rendered":"\u041e\u043f\u043b\u0430\u0442\u0430 \u0456 \u0434\u043e\u0441\u0442\u0430\u0432\u043a\u0430"},"content":{"rendered":"<div class=\"wp-block-group is-nowrap is-layout-flex wp-container-core-group-is-layout-1 wp-block-group-is-layout-flex\">\n<div class=\"wp-block-outermost-icon-block\"><div class=\"icon-container\" style=\"width:48px\"><svg xmlns=\"http:\/\/www.w3.org\/2000\/svg\" viewbox=\"0 0 24 24\" aria-hidden=\"true\"><path fill-rule=\"evenodd\" d=\"M5.5 9.5v-2h13v2h-13zm0 3v4h13v-4h-13zM4 7a1 1 0 011-1h14a1 1 0 011 1v10a1 1 0 01-1 1H5a1 1 0 01-1-1V7z\" clip-rule=\"evenodd\"><\/path><\/svg><\/div><\/div>\n\n\n\n<h4 class=\"wp-block-heading\"><strong>P\u0141ATNO\u015a\u0106<\/strong><\/h4>\n<\/div>\n\n\n\n<p><strong>\u0411\u0430\u043d\u043a\u0456\u0432\u0441\u044c\u043a\u0438\u0439 \u043f\u0435\u0440\u0435\u043a\u0430\u0437<\/strong><\/p>\n\n\n\n<p>Ta forma p\u0142atno\u015bci b\u0119dzie odpowiednia dla klient\u00f3w, kt\u00f3rzy preferuj\u0105 samodzielne dokonywanie przelew\u00f3w przez internetowe bankowo\u015bci. Po zarezerwowaniu zam\u00f3wionego towaru klient otrzymuje drog\u0105 mailow\u0105 instrukcj\u0119 oraz numer konta bankowego, na kt\u00f3re nale\u017cy dokona\u0107 pe\u0142nej kwoty zam\u00f3wienia, w tym koszt dostawy. Po zaksi\u0119gowaniu p\u0142atno\u015bci na koncie bankowym zam\u00f3wienie jest przekazywane do magazynu w celu przygotowania do wysy\u0142ki.<\/p>\n\n\n\n<p><strong>Karta kredytowa \/ karta debetowa<\/strong><\/p>\n\n\n\n<p>Metoda p\u0142atno\u015bci kartami bankowymi Mastercard i Visa. W odr\u00f3\u017cnieniu od przelewu bankowego natychmiast po dokonaniu p\u0142atno\u015bci odbieramy Twoje zam\u00f3wienie i przygotowujemy je do wysy\u0142ki.<\/p>\n\n\n\n<p><strong>Apple Pay \/ Google pay<\/strong><\/p>\n\n\n\n<p>Najwygodniejsza metoda p\u0142atno\u015bci. P\u0142atno\u015b\u0107 odbywa si\u0119 za pomoc\u0105 kilku klikni\u0119\u0107. Potwierdzenie nast\u0119puje natychmiastowo, dlatego od razu przygotowujemy Twoje zam\u00f3wienie do wysy\u0142ki.<\/p>\n\n\n\n<p><strong>\u0413\u043e\u0442\u0456\u0432\u043a\u043e\u044e<\/strong><\/p>\n\n\n\n<p>\u0422\u0456\u043b\u044c\u043a\u0438 \u0434\u043b\u044f \u0441\u0430\u043c\u043e\u0432\u0438\u0432\u043e\u0437\u0443 \u0430\u0431\u043e \u0434\u043e\u0441\u0442\u0430\u0432\u043a\u0438 \u0432 \u043c\u0456\u0441\u0442\u0456 \u041f\u0456\u043b\u0430<\/p>\n\n\n\n<hr class=\"wp-block-separator has-alpha-channel-opacity\"\/>\n\n\n\n<div class=\"wp-block-group is-content-justification-left is-nowrap is-layout-flex wp-container-core-group-is-layout-2 wp-block-group-is-layout-flex\">\n<div class=\"wp-block-outermost-icon-block\"><div class=\"icon-container\" style=\"width:48px\"><svg xmlns=\"http:\/\/www.w3.org\/2000\/svg\" viewbox=\"0 0 24 24\" aria-hidden=\"true\"><path d=\"M3 6.75C3 5.784 3.784 5 4.75 5H15V7.313l.05.027 5.056 2.73.394.212v3.468a1.75 1.75 0 01-1.75 1.75h-.012a2.5 2.5 0 11-4.975 0H9.737a2.5 2.5 0 11-4.975 0H3V6.75zM13.5 14V6.5H4.75a.25.25 0 00-.25.25V14h.965a2.493 2.493 0 011.785-.75c.7 0 1.332.287 1.785.75H13.5zm4.535 0h.715a.25.25 0 00.25-.25v-2.573l-4-2.16v4.568a2.487 2.487 0 011.25-.335c.7 0 1.332.287 1.785.75zM6.282 15.5a1.002 1.002 0 00.968 1.25 1 1 0 10-.968-1.25zm9 0a1 1 0 101.937.498 1 1 0 00-1.938-.498z\"><\/path><\/svg><\/div><\/div>\n\n\n\n<p><strong>DOSTAWA<\/strong><\/p>\n<\/div>\n\n\n\n<p>\u0412\u0430\u0440\u0442\u0456\u0441\u0442\u044c \u0434\u043e\u0441\u0442\u0430\u0432\u043a\u0438 \u0437\u0430\u043b\u0435\u0436\u0438\u0442\u044c \u0432\u0456\u0434 \u043e\u0431\u0440\u0430\u043d\u043e\u0433\u043e \u0432\u0430\u0440\u0456\u0430\u043d\u0442\u0443 \u0434\u043e\u0441\u0442\u0430\u0432\u043a\u0438. \u0412\u0441\u0435 \u0437\u0430\u043c\u043e\u0432\u043b\u0435\u043d\u043d\u044f \u0443\u043f\u0430\u043a\u043e\u0432\u0443\u0454\u0442\u044c\u0441\u044f \u0432 \u043e\u0434\u043d\u0443 \u0432\u0456\u0434\u043f\u0440\u0430\u0432\u043a\u0443. \u041a\u043b\u0456\u0454\u043d\u0442 \u043f\u043e\u0432\u0438\u043d\u0435\u043d \u0431\u0443\u0434\u0435 \u0441\u043f\u043b\u0430\u0442\u0438\u0442\u0438 \u0432\u0430\u0440\u0442\u0456\u0441\u0442\u044c \u0434\u043e\u0441\u0442\u0430\u0432\u043a\u0438.<\/p>\n\n\n\n<figure class=\"wp-block-table\"><table class=\"has-fixed-layout\"><thead><tr><th><strong>\u041c\u0435\u0442\u043e\u0434 \u0434\u043e\u0441\u0442\u0430\u0432\u043a\u0438<\/strong><\/th><th>\u0426\u0456\u043d\u0430<\/th><\/tr><\/thead><tbody><tr><td>Paczkomat InPost<\/td><td>17,99 z\u0142<\/td><\/tr><tr><td>Kurier InPost<\/td><td>20,99 z\u0142<\/td><\/tr><\/tbody><\/table><\/figure>\n\n\n\n<p class=\"has-superbfont-small-font-size\"><strong><mark style=\"background-color:rgba(0, 0, 0, 0)\" class=\"has-inline-color has-primary-color\">\u0414\u043b\u044f \u0437\u0430\u043c\u043e\u0432\u043b\u0435\u043d\u044c \u043d\u0430 \u0441\u0443\u043c\u0443 \u0432\u0456\u0434 200 z\u0142 \u0434\u043e\u0441\u0442\u0430\u0432\u043a\u0430 \u0431\u0435\u0437\u043a\u043e\u0448\u0442\u043e\u0432\u043d\u0430.<\/mark><\/strong><\/p>\n\n\n\n<p><strong>\u0417\u0430\u043c\u043e\u0432\u043b\u0435\u043d\u043d\u044f \u0432\u0456\u0434\u043f\u0440\u0430\u0432\u043b\u044f\u044e\u0442\u044c\u0441\u044f \u043f\u0440\u043e\u0442\u044f\u0433\u043e\u043c 1-2 \u0440\u043e\u0431\u043e\u0447\u0438\u0445 \u0434\u043d\u0456\u0432. <\/strong><\/p>\n\n\n\n<div class=\"wp-block-group is-nowrap is-layout-flex wp-container-core-group-is-layout-3 wp-block-group-is-layout-flex\">\n<p>\u041f\u0456\u0434\u043f\u0438\u0441\u0443\u0439\u0442\u0435\u0441\u044c \u043d\u0430 \u043d\u0430\u0448\u0443 \u0441\u0442\u043e\u0440\u0456\u043d\u043a\u0443 \u0432 Instagram \u0430\u0431\u043e Facebook, \u0449\u043e\u0431 \u043d\u0435 \u043f\u0440\u043e\u043f\u0443\u0441\u0442\u0438\u0442\u0438 \u0430\u043a\u0446\u0456\u0457 \u0442\u0430 \u043f\u043e\u044f\u0432\u0443 \u043d\u043e\u0432\u0438\u0445 \u0441\u043c\u0430\u043a\u0456\u0432 \ud83d\ude09 <\/p>\n\n\n\n<div class=\"wp-block-outermost-icon-block\"><a class=\"icon-container\" href=\"https:\/\/www.instagram.com\/wonderjerky\/?utm_source=wonderjerky.com&amp;utm_medium=page&amp;utm_content=payment-and-delivery\" target=\"_blank\" rel=\"noreferrer noopener\" style=\"width:40px\"><svg xmlns=\"http:\/\/www.w3.org\/2000\/svg\" viewbox=\"0 0 24 24\" aria-hidden=\"true\"><path d=\"M12,4.622c2.403,0,2.688,0.009,3.637,0.052c0.877,0.04,1.354,0.187,1.671,0.31c0.42,0.163,0.72,0.358,1.035,0.673 c0.315,0.315,0.51,0.615,0.673,1.035c0.123,0.317,0.27,0.794,0.31,1.671c0.043,0.949,0.052,1.234,0.052,3.637 s-0.009,2.688-0.052,3.637c-0.04,0.877-0.187,1.354-0.31,1.671c-0.163,0.42-0.358,0.72-0.673,1.035 c-0.315,0.315-0.615,0.51-1.035,0.673c-0.317,0.123-0.794,0.27-1.671,0.31c-0.949,0.043-1.233,0.052-3.637,0.052 s-2.688-0.009-3.637-0.052c-0.877-0.04-1.354-0.187-1.671-0.31c-0.42-0.163-0.72-0.358-1.035-0.673 c-0.315-0.315-0.51-0.615-0.673-1.035c-0.123-0.317-0.27-0.794-0.31-1.671C4.631,14.688,4.622,14.403,4.622,12 s0.009-2.688,0.052-3.637c0.04-0.877,0.187-1.354,0.31-1.671c0.163-0.42,0.358-0.72,0.673-1.035 c0.315-0.315,0.615-0.51,1.035-0.673c0.317-0.123,0.794-0.27,1.671-0.31C9.312,4.631,9.597,4.622,12,4.622 M12,3 C9.556,3,9.249,3.01,8.289,3.054C7.331,3.098,6.677,3.25,6.105,3.472C5.513,3.702,5.011,4.01,4.511,4.511 c-0.5,0.5-0.808,1.002-1.038,1.594C3.25,6.677,3.098,7.331,3.054,8.289C3.01,9.249,3,9.556,3,12c0,2.444,0.01,2.751,0.054,3.711 c0.044,0.958,0.196,1.612,0.418,2.185c0.23,0.592,0.538,1.094,1.038,1.594c0.5,0.5,1.002,0.808,1.594,1.038 c0.572,0.222,1.227,0.375,2.185,0.418C9.249,20.99,9.556,21,12,21s2.751-0.01,3.711-0.054c0.958-0.044,1.612-0.196,2.185-0.418 c0.592-0.23,1.094-0.538,1.594-1.038c0.5-0.5,0.808-1.002,1.038-1.594c0.222-0.572,0.375-1.227,0.418-2.185 C20.99,14.751,21,14.444,21,12s-0.01-2.751-0.054-3.711c-0.044-0.958-0.196-1.612-0.418-2.185c-0.23-0.592-0.538-1.094-1.038-1.594 c-0.5-0.5-1.002-0.808-1.594-1.038c-0.572-0.222-1.227-0.375-2.185-0.418C14.751,3.01,14.444,3,12,3L12,3z M12,7.378 c-2.552,0-4.622,2.069-4.622,4.622S9.448,16.622,12,16.622s4.622-2.069,4.622-4.622S14.552,7.378,12,7.378z M12,15 c-1.657,0-3-1.343-3-3s1.343-3,3-3s3,1.343,3,3S13.657,15,12,15z M16.804,6.116c-0.596,0-1.08,0.484-1.08,1.08 s0.484,1.08,1.08,1.08c0.596,0,1.08-0.484,1.08-1.08S17.401,6.116,16.804,6.116z\"><\/path><\/svg><\/a><\/div>\n\n\n\n<div class=\"wp-block-outermost-icon-block\"><a class=\"icon-container\" href=\"https:\/\/www.facebook.com\/wonderjerky?utm_source=wonderjerky.com&amp;utm_medium=page&amp;utm_content=payment-and-delivery\" target=\"_blank\" rel=\"noreferrer noopener\" style=\"width:35px\"><svg xmlns=\"http:\/\/www.w3.org\/2000\/svg\" viewbox=\"0 0 24 24\" aria-hidden=\"true\"><path d=\"M12 2C6.5 2 2 6.5 2 12c0 5 3.7 9.1 8.4 9.9v-7H7.9V12h2.5V9.8c0-2.5 1.5-3.9 3.8-3.9 1.1 0 2.2.2 2.2.2v2.5h-1.3c-1.2 0-1.6.8-1.6 1.6V12h2.8l-.4 2.9h-2.3v7C18.3 21.1 22 17 22 12c0-5.5-4.5-10-10-10z\"><\/path><\/svg><\/a><\/div>\n<\/div>\n\n\n\n<div class=\"wp-block-buttons is-content-justification-center is-layout-flex wp-container-core-buttons-is-layout-1 wp-block-buttons-is-layout-flex\">\n<div class=\"wp-block-button has-custom-width wp-block-button__width-50\"><a class=\"wp-block-button__link wp-element-button\" href=\"https:\/\/wonderjerky.com\/ua\/jerky\/\">\u041e\u0431\u0440\u0430\u0442\u0438 \u0441\u043c\u0430\u043a\u0438<\/a><\/div>\n<\/div>","protected":false},"excerpt":{"rendered":"<p>P\u0141ATNO\u015a\u0106 Przelew na konto bankowe Ta forma p\u0142atno\u015bci b\u0119dzie odpowiednia dla klient\u00f3w, kt\u00f3rzy preferuj\u0105 samodzielne dokonywanie przelew\u00f3w przez internetowe bankowo\u015bci. Po zarezerwowaniu zam\u00f3wionego towaru klient otrzymuje drog\u0105 mailow\u0105 instrukcj\u0119 oraz numer konta bankowego, na kt\u00f3re nale\u017cy dokona\u0107 pe\u0142nej kwoty zam\u00f3wienia, w tym koszt dostawy. Po zaksi\u0119gowaniu p\u0142atno\u015bci na koncie bankowym zam\u00f3wienie jest przekazywane do magazynu [&hellip;]<\/p>","protected":false},"author":1,"featured_media":0,"parent":0,"menu_order":0,"comment_status":"closed","ping_status":"closed","template":"","meta":{"footnotes":""},"class_list":["post-304","page","type-page","status-publish","hentry"],"_links":{"self":[{"href":"https:\/\/wonderjerky.com\/ua\/wp-json\/wp\/v2\/pages\/304","targetHints":{"allow":["GET"]}}],"collection":[{"href":"https:\/\/wonderjerky.com\/ua\/wp-json\/wp\/v2\/pages"}],"about":[{"href":"https:\/\/wonderjerky.com\/ua\/wp-json\/wp\/v2\/types\/page"}],"author":[{"embeddable":true,"href":"https:\/\/wonderjerky.com\/ua\/wp-json\/wp\/v2\/users\/1"}],"replies":[{"embeddable":true,"href":"https:\/\/wonderjerky.com\/ua\/wp-json\/wp\/v2\/comments?post=304"}],"version-history":[{"count":16,"href":"https:\/\/wonderjerky.com\/ua\/wp-json\/wp\/v2\/pages\/304\/revisions"}],"predecessor-version":[{"id":633,"href":"https:\/\/wonderjerky.com\/ua\/wp-json\/wp\/v2\/pages\/304\/revisions\/633"}],"wp:attachment":[{"href":"https:\/\/wonderjerky.com\/ua\/wp-json\/wp\/v2\/media?parent=304"}],"curies":[{"name":"wp","href":"https:\/\/api.w.org\/{rel}","templated":true}]}}