{"id":82,"date":"2024-01-03T20:04:10","date_gmt":"2024-01-03T20:04:10","guid":{"rendered":"https:\/\/wonderjerky.com\/?page_id=82"},"modified":"2024-01-16T21:12:53","modified_gmt":"2024-01-16T21:12:53","slug":"about","status":"publish","type":"page","link":"https:\/\/wonderjerky.com\/ua\/about\/","title":{"rendered":"\u041f\u0440\u043e \u043d\u0430\u0441"},"content":{"rendered":"<div class=\"wp-block-superb-addons-cover-image\"><div class=\"superbaddons-coverimage-block\" style=\"border-radius:0%;min-height:400px;background-image:url(https:\/\/wonderjerky.com\/wp-content\/uploads\/2024\/01\/istockphoto-1347222628-1024x1024-compressed-3-logo-compressed.jpg);background-position:48% 50%;background-size:cover;background-repeat:no-repeat\"><\/div><\/div>\n\n\n\n<div class=\"wp-block-media-text has-media-on-the-right is-stacked-on-mobile\" style=\"grid-template-columns:auto 21%\"><div class=\"wp-block-media-text__content\">\n<p>\u041b\u0430\u0441\u043a\u0430\u0432\u043e \u043f\u0440\u043e\u0441\u0438\u043c\u043e \u0434\u043e Wonder Jerky! \u041c\u0438 - \u043a\u043e\u043c\u0430\u043d\u0434\u0430, \u044f\u043a\u0430 \u0437 \u0432\u0435\u043b\u0438\u043a\u0438\u043c \u0437\u0430\u0434\u043e\u0432\u043e\u043b\u0435\u043d\u043d\u044f\u043c \u0432\u0438\u0433\u043e\u0442\u043e\u0432\u043b\u044f\u0454 \u0434\u043b\u044f \u0432\u0430\u0441 \u043d\u0430\u0439\u0441\u043c\u0430\u0447\u043d\u0456\u0448\u0456 \u043c\u02bc\u044f\u0441\u043d\u0456 \u0441\u043d\u0435\u043a\u0438 - \u0434\u0436\u0435\u0440\u043a\u0456. <\/p>\n\n\n\n<p>\u0417 \u043d\u0430\u0448\u043e\u0457 \u0431\u0435\u0437\u043c\u0435\u0436\u043d\u043e\u0457 \u043b\u044e\u0431\u043e\u0432\u0456 \u0434\u043e \u043c\u02bc\u044f\u0441\u043d\u0438\u0445 \u0447\u0456\u043f\u0441\u0456\u0432 \u0432\u0438\u043d\u0438\u043a\u043b\u0430 \u0456\u0434\u0435\u044f \u043a\u0440\u0430\u0444\u0442\u043e\u0432\u043e\u0433\u043e \u0441\u0443\u0448\u0435\u043d\u043e\u0433\u043e \u043c\u02bc\u044f\u0441\u0430, \u0456 \u043c\u0438 \u0437 \u0440\u0430\u0434\u0456\u0441\u0442\u044e \u0434\u0456\u043b\u0438\u043c\u043e\u0441\u044f \u0446\u0438\u043c\u0438 \u0443\u043d\u0456\u043a\u0430\u043b\u044c\u043d\u0438\u043c\u0438 \u0441\u043c\u0430\u043a\u0430\u043c\u0438 \u0437 \u0432\u0430\u043c\u0438. <\/p>\n\n\n\n<p>\u041d\u0430\u0448\u0430 \u043c\u0435\u0442\u0430 - \u0437\u0430\u0431\u0435\u0437\u043f\u0435\u0447\u0438\u0442\u0438 \u043a\u043e\u0436\u043d\u043e\u0433\u043e \u043c\u043e\u0436\u043b\u0438\u0432\u0456\u0441\u0442\u044c \u043d\u0430\u0441\u043e\u043b\u043e\u0434\u0436\u0443\u0432\u0430\u0442\u0438\u0441\u044f \u0446\u0438\u043c\u0438 \u043d\u0435\u043f\u0435\u0440\u0435\u0432\u0435\u0440\u0448\u0435\u043d\u0438\u043c\u0438 \u0433\u0430\u0441\u0442\u0440\u043e\u043d\u043e\u043c\u0456\u0447\u043d\u0438\u043c\u0438 \u0432\u0440\u0430\u0436\u0435\u043d\u043d\u044f\u043c\u0438. <\/p>\n\n\n\n<p>\u0412\u0430\u0448\u0456 \u0432\u0456\u0434\u0433\u0443\u043a\u0438 \u043d\u0430\u0434\u0438\u0445\u0430\u044e\u0442\u044c \u043d\u0430\u0441, \u0456 \u043d\u0430\u0448\u0430 \u043e\u0441\u043d\u043e\u0432\u043d\u0430 \u043c\u043e\u0442\u0438\u0432\u0430\u0446\u0456\u044f - \u0432\u0430\u0448\u0430 \u043f\u043e\u0432\u043d\u0430 \u0437\u0430\u0434\u043e\u0432\u043e\u043b\u0435\u043d\u0456\u0441\u0442\u044c \u043d\u0430\u0448\u0438\u043c\u0438 \u0441\u043c\u0430\u043a\u043e\u0432\u0438\u043c\u0438 \u0448\u0435\u0434\u0435\u0432\u0440\u0430\u043c\u0438.<\/p>\n\n\n\n<div class=\"wp-block-group is-nowrap is-layout-flex wp-container-core-group-is-layout-1 wp-block-group-is-layout-flex\">\n<p>Nasze profile w sieciach spo\u0142eczno\u015bciowych:<\/p>\n\n\n\n<div class=\"wp-block-outermost-icon-block\"><a class=\"icon-container\" href=\"https:\/\/www.instagram.com\/wonderjerky\/?utm_source=wonderjerky.com&amp;utm_medium=page&amp;utm_content=about\" target=\"_blank\" rel=\"noreferrer noopener\" style=\"width:40px\"><svg xmlns=\"http:\/\/www.w3.org\/2000\/svg\" viewbox=\"0 0 24 24\" aria-hidden=\"true\"><path d=\"M12,4.622c2.403,0,2.688,0.009,3.637,0.052c0.877,0.04,1.354,0.187,1.671,0.31c0.42,0.163,0.72,0.358,1.035,0.673 c0.315,0.315,0.51,0.615,0.673,1.035c0.123,0.317,0.27,0.794,0.31,1.671c0.043,0.949,0.052,1.234,0.052,3.637 s-0.009,2.688-0.052,3.637c-0.04,0.877-0.187,1.354-0.31,1.671c-0.163,0.42-0.358,0.72-0.673,1.035 c-0.315,0.315-0.615,0.51-1.035,0.673c-0.317,0.123-0.794,0.27-1.671,0.31c-0.949,0.043-1.233,0.052-3.637,0.052 s-2.688-0.009-3.637-0.052c-0.877-0.04-1.354-0.187-1.671-0.31c-0.42-0.163-0.72-0.358-1.035-0.673 c-0.315-0.315-0.51-0.615-0.673-1.035c-0.123-0.317-0.27-0.794-0.31-1.671C4.631,14.688,4.622,14.403,4.622,12 s0.009-2.688,0.052-3.637c0.04-0.877,0.187-1.354,0.31-1.671c0.163-0.42,0.358-0.72,0.673-1.035 c0.315-0.315,0.615-0.51,1.035-0.673c0.317-0.123,0.794-0.27,1.671-0.31C9.312,4.631,9.597,4.622,12,4.622 M12,3 C9.556,3,9.249,3.01,8.289,3.054C7.331,3.098,6.677,3.25,6.105,3.472C5.513,3.702,5.011,4.01,4.511,4.511 c-0.5,0.5-0.808,1.002-1.038,1.594C3.25,6.677,3.098,7.331,3.054,8.289C3.01,9.249,3,9.556,3,12c0,2.444,0.01,2.751,0.054,3.711 c0.044,0.958,0.196,1.612,0.418,2.185c0.23,0.592,0.538,1.094,1.038,1.594c0.5,0.5,1.002,0.808,1.594,1.038 c0.572,0.222,1.227,0.375,2.185,0.418C9.249,20.99,9.556,21,12,21s2.751-0.01,3.711-0.054c0.958-0.044,1.612-0.196,2.185-0.418 c0.592-0.23,1.094-0.538,1.594-1.038c0.5-0.5,0.808-1.002,1.038-1.594c0.222-0.572,0.375-1.227,0.418-2.185 C20.99,14.751,21,14.444,21,12s-0.01-2.751-0.054-3.711c-0.044-0.958-0.196-1.612-0.418-2.185c-0.23-0.592-0.538-1.094-1.038-1.594 c-0.5-0.5-1.002-0.808-1.594-1.038c-0.572-0.222-1.227-0.375-2.185-0.418C14.751,3.01,14.444,3,12,3L12,3z M12,7.378 c-2.552,0-4.622,2.069-4.622,4.622S9.448,16.622,12,16.622s4.622-2.069,4.622-4.622S14.552,7.378,12,7.378z M12,15 c-1.657,0-3-1.343-3-3s1.343-3,3-3s3,1.343,3,3S13.657,15,12,15z M16.804,6.116c-0.596,0-1.08,0.484-1.08,1.08 s0.484,1.08,1.08,1.08c0.596,0,1.08-0.484,1.08-1.08S17.401,6.116,16.804,6.116z\"><\/path><\/svg><\/a><\/div>\n\n\n\n<div class=\"wp-block-outermost-icon-block\"><a class=\"icon-container\" href=\"https:\/\/www.facebook.com\/wonderjerky?utm_source=wonderjerky.com&amp;utm_medium=page&amp;utm_content=about\" target=\"_blank\" rel=\"noreferrer noopener\" style=\"width:35px\"><svg xmlns=\"http:\/\/www.w3.org\/2000\/svg\" viewbox=\"0 0 24 24\" aria-hidden=\"true\"><path d=\"M12 2C6.5 2 2 6.5 2 12c0 5 3.7 9.1 8.4 9.9v-7H7.9V12h2.5V9.8c0-2.5 1.5-3.9 3.8-3.9 1.1 0 2.2.2 2.2.2v2.5h-1.3c-1.2 0-1.6.8-1.6 1.6V12h2.8l-.4 2.9h-2.3v7C18.3 21.1 22 17 22 12c0-5.5-4.5-10-10-10z\"><\/path><\/svg><\/a><\/div>\n<\/div>\n<\/div><figure class=\"wp-block-media-text__media\"><img data-dominant-color=\"939393\" data-has-transparency=\"true\" style=\"--dominant-color: #939393;\" loading=\"lazy\" decoding=\"async\" width=\"628\" height=\"620\" src=\"https:\/\/wonderjerky.com\/wp-content\/uploads\/2023\/12\/wonder-jerki-logo-white-compressed.png\" alt=\"Wonder jerky | \u0421\u043c\u0430\u0447\u043d\u0456, \u0441\u0443\u0448\u0435\u043d\u0456 \u043c\u02bc\u044f\u0441\u043d\u0456 \u0441\u043d\u0435\u043a\u0438\" class=\"has-transparency wp-image-42 size-full\" srcset=\"https:\/\/wonderjerky.com\/wp-content\/uploads\/2023\/12\/wonder-jerki-logo-white-compressed.png 628w, https:\/\/wonderjerky.com\/wp-content\/uploads\/2023\/12\/wonder-jerki-logo-white-compressed-500x494.png 500w, https:\/\/wonderjerky.com\/wp-content\/uploads\/2023\/12\/wonder-jerki-logo-white-compressed-100x100.png 100w, https:\/\/wonderjerky.com\/wp-content\/uploads\/2023\/12\/wonder-jerki-logo-white-compressed-600x592.png 600w, https:\/\/wonderjerky.com\/wp-content\/uploads\/2023\/12\/wonder-jerki-logo-white-compressed-300x296.png 300w\" sizes=\"auto, (max-width: 628px) 100vw, 628px\" \/><\/figure><\/div>\n\n\n\n<hr class=\"wp-block-separator has-alpha-channel-opacity\"\/>\n\n\n\n<div class=\"wp-block-media-text is-stacked-on-mobile\" style=\"grid-template-columns:36% auto\"><figure class=\"wp-block-media-text__media\"><img data-dominant-color=\"634233\" data-has-transparency=\"false\" style=\"--dominant-color: #634233;\" loading=\"lazy\" decoding=\"async\" width=\"300\" height=\"300\" src=\"https:\/\/wonderjerky.com\/wp-content\/uploads\/2024\/01\/jerky-3424-300-compresed-1.png\" alt=\"\" class=\"not-transparent wp-image-134 size-full\" srcset=\"https:\/\/wonderjerky.com\/wp-content\/uploads\/2024\/01\/jerky-3424-300-compresed-1.png 300w, https:\/\/wonderjerky.com\/wp-content\/uploads\/2024\/01\/jerky-3424-300-compresed-1-100x100.png 100w, https:\/\/wonderjerky.com\/wp-content\/uploads\/2024\/01\/jerky-3424-300-compresed-1-150x150.png 150w, https:\/\/wonderjerky.com\/wp-content\/uploads\/2024\/01\/jerky-3424-300-compresed-1-12x12.png 12w\" sizes=\"auto, (max-width: 300px) 100vw, 300px\" \/><\/figure><div class=\"wp-block-media-text__content\">\n<p>Nasze produkty powstaj\u0105 w limitowanych partiach, co gwarantuje \u015bcis\u0142e przestrzeganie receptury suszonego mi\u0119sa oraz zapewnia najwy\u017csz\u0105 jako\u015b\u0107 naszego produktu.<\/p>\n\n\n\n<p>\u0423 \u043d\u0430\u0441 \u0432\u0438 \u043c\u043e\u0436\u0435\u0442\u0435 \u0437\u0430\u043c\u043e\u0432\u0438\u0442\u0438 \u043d\u0435\u043f\u043e\u0432\u0442\u043e\u0440\u043d\u0456 \u0434\u0436\u0435\u0440\u043a\u0456 - \u0448\u043c\u0430\u0442\u043e\u0447\u043a\u0438 \u0432\u0438\u0441\u0443\u0448\u0435\u043d\u043e\u0433\u043e \u043c\u02bc\u044f\u0441\u0430, \u0441\u0442\u0432\u043e\u0440\u0435\u043d\u0456 \u0432 \u0441\u043f\u0435\u0446\u0456\u0430\u043b\u044c\u043d\u0438\u0445 \u0443\u043c\u043e\u0432\u0430\u0445. \u0426\u0435 \u043d\u0435 \u043b\u0438\u0448\u0435 \u0447\u0443\u0434\u043e\u0432\u0430 \u0437\u0430\u043a\u0443\u0441\u043a\u0430 \u0434\u043e \u0432\u0438\u043d\u0430 \u0447\u0438 \u043f\u0438\u0432\u0430, \u0430\u043b\u0435 \u0439 \u0432\u0456\u0434\u043c\u0456\u043d\u043d\u0438\u0439 \u0441\u0430\u043c\u043e\u0441\u0442\u0456\u0439\u043d\u0438\u0439 \u043f\u0435\u0440\u0435\u043a\u0443\u0441.<\/p>\n\n\n\n<p>\u0421\u0432\u0438\u043d\u0438\u043d\u0430, \u043a\u0443\u0440\u043a\u0430, \u0456\u043d\u0434\u0438\u0447\u043a\u0430 - \u0443 \u043d\u0430\u0441 \u0432\u0438 \u0437\u043d\u0430\u0439\u0434\u0435\u0442\u0435 \u0434\u0436\u0435\u0440\u043a\u0456 \u043d\u0430 \u0431\u0443\u0434\u044c-\u044f\u043a\u0438\u0439 \u0441\u043c\u0430\u043a. <\/p>\n\n\n\n<p>Wonder Jerky \u0433\u0430\u0440\u0430\u043d\u0442\u0443\u0454 \u043d\u0435\u043f\u0435\u0440\u0435\u0432\u0435\u0440\u0448\u0435\u043d\u0456 \u0432\u0440\u0430\u0436\u0435\u043d\u043d\u044f, \u0442\u043e\u0436 \u043d\u0435 \u0433\u0430\u0439\u0442\u0435 \u0447\u0430\u0441\u0443 \u0456 \u0437\u0430\u043c\u043e\u0432\u043b\u044f\u0439\u0442\u0435 \u0446\u0456 \u0443\u043d\u0456\u043a\u0430\u043b\u044c\u043d\u0456 \u0441\u043c\u0430\u043a\u0438 \u0432\u0436\u0435 \u0437\u0430\u0440\u0430\u0437.<\/p>\n\n\n\n<div class=\"wp-block-buttons is-content-justification-center is-layout-flex wp-container-core-buttons-is-layout-1 wp-block-buttons-is-layout-flex\">\n<div class=\"wp-block-button has-custom-width wp-block-button__width-50\"><a class=\"wp-block-button__link wp-element-button\" href=\"\/ua\/jerky\/\">\u041e\u0431\u0440\u0430\u0442\u0438 \u0441\u043c\u0430\u043a\u0438<\/a><\/div>\n<\/div>\n<\/div><\/div>\n\n\n\n<p><\/p>","protected":false},"excerpt":{"rendered":"","protected":false},"author":1,"featured_media":0,"parent":0,"menu_order":0,"comment_status":"closed","ping_status":"closed","template":"","meta":{"footnotes":""},"class_list":["post-82","page","type-page","status-publish","hentry"],"_links":{"self":[{"href":"https:\/\/wonderjerky.com\/ua\/wp-json\/wp\/v2\/pages\/82","targetHints":{"allow":["GET"]}}],"collection":[{"href":"https:\/\/wonderjerky.com\/ua\/wp-json\/wp\/v2\/pages"}],"about":[{"href":"https:\/\/wonderjerky.com\/ua\/wp-json\/wp\/v2\/types\/page"}],"author":[{"embeddable":true,"href":"https:\/\/wonderjerky.com\/ua\/wp-json\/wp\/v2\/users\/1"}],"replies":[{"embeddable":true,"href":"https:\/\/wonderjerky.com\/ua\/wp-json\/wp\/v2\/comments?post=82"}],"version-history":[{"count":27,"href":"https:\/\/wonderjerky.com\/ua\/wp-json\/wp\/v2\/pages\/82\/revisions"}],"predecessor-version":[{"id":430,"href":"https:\/\/wonderjerky.com\/ua\/wp-json\/wp\/v2\/pages\/82\/revisions\/430"}],"wp:attachment":[{"href":"https:\/\/wonderjerky.com\/ua\/wp-json\/wp\/v2\/media?parent=82"}],"curies":[{"name":"wp","href":"https:\/\/api.w.org\/{rel}","templated":true}]}}