{"id":13,"date":"2023-12-15T17:31:17","date_gmt":"2023-12-15T17:31:17","guid":{"rendered":"https:\/\/wonderjerky.com\/?post_type=product&#038;p=13"},"modified":"2024-02-07T21:55:48","modified_gmt":"2024-02-07T20:55:48","slug":"spicy-chicken","status":"publish","type":"product","link":"https:\/\/wonderjerky.com\/ua\/jerky\/spicy-chicken\/","title":{"rendered":"\u041f\u0456\u043a\u0430\u043d\u0442\u043d\u0430 \u043a\u0443\u0440\u043a\u0430"},"content":{"rendered":"<h2 class=\"wp-block-heading\">Jerky \u0437 \u043a\u0443\u0440\u044f\u0447\u043e\u0433\u043e \u043c'\u044f\u0441\u0430 \u0437 \u0433\u0456\u0440\u0447\u0438\u0446\u0435\u044e \u0442\u0430 \u043f\u0435\u0440\u0446\u0435\u043c \u0447\u0438\u043b\u0456<\/h2>\n\n\n\n<p><strong>\u0421\u043c\u0430\u043a\u043e\u0432\u0456 \u0432\u0440\u0430\u0436\u0435\u043d\u043d\u044f:<\/strong><br>\u041e\u0441\u0432\u0456\u0436\u0430\u044e\u0447\u0438\u0439 \u043f\u043e\u0454\u0434\u043d\u0430\u043d\u043d\u044f \u043f\u043e\u043c\u0456\u0440\u043d\u043e \u0433\u043e\u0441\u0442\u0440\u0443\u0432\u0430\u0442\u043e\u0433\u043e \u0441\u043c\u0430\u043a\u0443 \u0433\u0456\u0440\u0447\u0438\u0446\u0456 \u0456 \u0432\u0438\u0442\u043e\u043d\u0447\u0435\u043d\u043e\u0441\u0442\u0456 \u043f\u0435\u0440\u0446\u044e \u0447\u0438\u043b\u0456 \u0440\u043e\u0431\u0438\u0442\u044c \u043d\u0430\u0448 Jerky \u0443\u043d\u0456\u043a\u0430\u043b\u044c\u043d\u0438\u043c \u0443 \u0441\u0432\u043e\u0454\u043c\u0443 \u0440\u043e\u0434\u0456. \u0421\u043f\u0440\u043e\u0431\u0443\u0439\u0442\u0435 \u0441\u043f\u0440\u0430\u0432\u0436\u043d\u044e \u0441\u0438\u043c\u0444\u043e\u043d\u0456\u044e \u0441\u043c\u0430\u043a\u0443, \u0434\u0435 \u043a\u043e\u0436\u0435\u043d \u0448\u043c\u0430\u0442\u043e\u0447\u043e\u043a \u0434\u0430\u0440\u0443\u0454 \u043d\u043e\u0432\u0456, \u0437\u0430\u0445\u043e\u043f\u043b\u044e\u044e\u0447\u0456 \u0432\u0456\u0434\u0447\u0443\u0442\u0442\u044f.<\/p>\n\n\n\n<p><strong>\u041d\u0430\u0442\u0443\u0440\u0430\u043b\u044c\u043d\u0456\u0441\u0442\u044c \u0442\u0430 \u044f\u043a\u0456\u0441\u0442\u044c:<\/strong><br>\u0412\u0438\u043a\u043e\u0440\u0438\u0441\u0442\u043e\u0432\u0443\u0454\u043c\u043e \u0432\u0438\u043a\u043b\u044e\u0447\u043d\u043e \u0432\u0456\u0434\u0456\u0431\u0440\u0430\u043d\u0435 \u043a\u0443\u0440\u044f\u0447\u0435 \u043c'\u044f\u0441\u043e, \u0449\u043e\u0431 \u0437\u0430\u0431\u0435\u0437\u043f\u0435\u0447\u0438\u0442\u0438 \u0432\u0430\u043c \u043d\u0430\u0439\u0432\u0438\u0449\u0443 \u044f\u043a\u0456\u0441\u0442\u044c \u043f\u0440\u043e\u0434\u0443\u043a\u0442\u0443. \u0411\u0435\u0437 \u0448\u0442\u0443\u0447\u043d\u0438\u0445 \u0434\u043e\u0431\u0430\u0432\u043e\u043a \u0442\u0430 \u043a\u043e\u043d\u0441\u0435\u0440\u0432\u0430\u043d\u0442\u0456\u0432 \u2013 \u043b\u0438\u0448\u0435 \u0447\u0438\u0441\u0442\u0430 \u0441\u043c\u0430\u043a\u043e\u0432\u0430 \u043d\u0430\u0441\u043e\u043b\u043e\u0434\u0430.<\/p>\n\n\n\n<p><strong>\u0406\u0434\u0435\u0430\u043b\u044c\u043d\u0430 \u0433\u043e\u0441\u0442\u0440\u043e\u0442\u0430:<\/strong><br>\u0414\u043b\u044f \u0442\u0438\u0445, \u0445\u0442\u043e \u0446\u0456\u043d\u0443\u0454 \u043f\u0456\u043a\u0430\u043d\u0442\u043d\u0456\u0441\u0442\u044c, \u0430\u043b\u0435 \u043d\u0435 \u043b\u044e\u0431\u0438\u0442\u044c \u043d\u0430\u0434\u0442\u043e \u0433\u043e\u0441\u0442\u0440\u0438\u0439 \u0441\u043c\u0430\u043a, \u043d\u0430\u0448 Jerky \u0456\u0434\u0435\u0430\u043b\u044c\u043d\u043e \u043f\u0456\u0434\u0445\u043e\u0434\u0438\u0442\u044c. \u041f\u043e\u043c\u0456\u0440\u043d\u043e \u0433\u043e\u0441\u0442\u0440\u0430 \u043d\u043e\u0442\u043a\u0430 \u043f\u0435\u0440\u0446\u044e \u0447\u0438\u043b\u0456 \u043d\u0435 \u0437\u0430\u043b\u0438\u0448\u0430\u0454 \u0437\u0430\u043b\u0438\u0448\u0430\u0454 \u0432\u0430\u0441 \u0437 \u0432\u0440\u0430\u0436\u0435\u043d\u043d\u044f\u043c \u043f\u0435\u0440\u0435\u0431\u0456\u043b\u044c\u0448\u0435\u043d\u043e\u0457 \u0433\u043e\u0441\u0442\u0440\u043e\u0442\u0438, \u0437\u0431\u0435\u0440\u0456\u0433\u0430\u044e\u0447\u0438 \u043f\u0440\u0438 \u0446\u044c\u043e\u043c\u0443 \u044f\u0441\u043a\u0440\u0430\u0432\u0438\u0439 \u0441\u043c\u0430\u043a.<\/p>\n\n\n\n<p><strong>\u0420\u0435\u043a\u043e\u043c\u0435\u043d\u0434\u0430\u0446\u0456\u0457 \u0437 \u0432\u0436\u0438\u0432\u0430\u043d\u043d\u044f:<\/strong><\/p>\n\n\n\n<ul class=\"wp-block-list\">\n<li><em>\u0417\u0430\u043a\u0443\u0441\u043a\u0430 \u0434\u043b\u044f \u0432\u0438\u043d\u043d\u043e\u0433\u043e \u0432\u0435\u0447\u043e\u0440\u0430:<\/em> \u0414\u0435\u043a\u0456\u043b\u044c\u043a\u0430 \u0448\u043c\u0430\u0442\u043e\u0447\u043a\u0456\u0432 Jerky \u0441\u0442\u0430\u043d\u0443\u0442\u044c \u0456\u0434\u0435\u0430\u043b\u044c\u043d\u0438\u043c \u0434\u043e\u043f\u043e\u0432\u043d\u0435\u043d\u043d\u044f\u043c \u0434\u043e \u0432\u0430\u0448\u043e\u0433\u043e \u0443\u043b\u044e\u0431\u043b\u0435\u043d\u043e\u0433\u043e \u0432\u0438\u043d\u0430, \u043f\u0456\u0434\u043a\u0440\u0435\u0441\u043b\u044e\u044e\u0447\u0438 \u0439\u043e\u0433\u043e \u0430\u0440\u043e\u043c\u0430\u0442\u0438 \u0442\u0430 \u0440\u043e\u0431\u043b\u044f\u0447\u0438 \u0432\u0435\u0447\u0456\u0440 \u043d\u0435\u043f\u043e\u0432\u0442\u043e\u0440\u043d\u0438\u043c.<\/li>\n\n\n\n<li><em>\u0415\u043d\u0435\u0440\u0433\u0456\u0439\u043d\u0438\u0439 \u043f\u0435\u0440\u0435\u043a\u0443\u0441:<\/em> \u0412\u0437\u044f\u0432\u0448\u0438 \u0437 \u0441\u043e\u0431\u043e\u044e \u043d\u0430 \u043f\u0440\u043e\u0433\u0443\u043b\u044f\u043d\u043a\u0443 \u0430\u0431\u043e \u0432 \u0442\u0440\u0435\u043d\u0430\u0436\u0435\u0440\u043d\u0438\u0439 \u0437\u0430\u043b, \u043d\u0430\u0448 Jerky \u0437\u0430\u0440\u044f\u0434\u0438\u0442\u044c \u0432\u0430\u0441 \u0435\u043d\u0435\u0440\u0433\u0456\u0454\u044e \u0442\u0430 \u0437\u0430\u0434\u043e\u0432\u043e\u043b\u0435\u043d\u043d\u044f\u043c.<\/li>\n<\/ul>\n\n\n\n<p><strong>\u041f\u043e\u0440\u0430\u0434\u0430 \u0434\u043b\u044f \u0433\u0443\u0440\u043c\u0430\u043d\u0456\u0432:<\/strong> \u041f\u0440\u0438\u0454\u0434\u043d\u0443\u0439\u0442\u0435\u0441\u044f \u0434\u043e \u043d\u0430\u0441 \u0443 \u0441\u0432\u0456\u0442 \u0441\u043f\u0440\u0430\u0432\u0436\u043d\u0456\u0445 \u0441\u043c\u0430\u043a\u043e\u0432\u0438\u0445 \u043f\u0440\u0438\u0433\u043e\u0434 \u0442\u0430 \u0432\u0456\u0434\u043a\u0440\u0438\u0439\u0442\u0435 \u0434\u043b\u044f \u0441\u0435\u0431\u0435 \u043d\u043e\u0432\u0438\u0439 \u0440\u0456\u0432\u0435\u043d\u044c \u0437\u0430\u0434\u043e\u0432\u043e\u043b\u0435\u043d\u043d\u044f \u0432\u0456\u0434 \u043d\u0430\u0448\u0438\u0445 \u043c\u02bc\u044f\u0441\u043d\u0438\u0445 \u0437\u0430\u043a\u0443\u0441\u043e\u043a!<\/p>","protected":false},"excerpt":{"rendered":"<p>Jerky z kurczaka o umiarkowanie pikantnym smaku z dodatkiem musztardy stanie si\u0119 ulubionym przysmakiem dla smakoszy, kt\u00f3rzy ceni\u0105 wyj\u0105tkowy smak i pikantne doznania. Dodatek chili nadaje mi\u0119su wyrazisty aromat, podkre\u015blaj\u0105c smak kurczaka i pozostaj\u0105c jednocze\u015bnie umiarkowanie pikantnym. <strong>Marynata:<\/strong> papryczka chili, papryka, musztarda, s\u00f3l i inne przyprawy.<\/p>","protected":false},"featured_media":289,"template":"","meta":[],"product_cat":[20],"product_tag":[22,21,23],"class_list":{"0":"post-13","1":"product","2":"type-product","3":"status-publish","4":"has-post-thumbnail","6":"product_cat-meat-snacks","7":"product_tag-chicken","8":"product_tag-meat","9":"product_tag-spicy","11":"first","12":"instock","13":"shipping-taxable","14":"purchasable","15":"product-type-variable","16":"has-default-attributes"},"_links":{"self":[{"href":"https:\/\/wonderjerky.com\/ua\/wp-json\/wp\/v2\/product\/13","targetHints":{"allow":["GET"]}}],"collection":[{"href":"https:\/\/wonderjerky.com\/ua\/wp-json\/wp\/v2\/product"}],"about":[{"href":"https:\/\/wonderjerky.com\/ua\/wp-json\/wp\/v2\/types\/product"}],"wp:featuredmedia":[{"embeddable":true,"href":"https:\/\/wonderjerky.com\/ua\/wp-json\/wp\/v2\/media\/289"}],"wp:attachment":[{"href":"https:\/\/wonderjerky.com\/ua\/wp-json\/wp\/v2\/media?parent=13"}],"wp:term":[{"taxonomy":"product_cat","embeddable":true,"href":"https:\/\/wonderjerky.com\/ua\/wp-json\/wp\/v2\/product_cat?post=13"},{"taxonomy":"product_tag","embeddable":true,"href":"https:\/\/wonderjerky.com\/ua\/wp-json\/wp\/v2\/product_tag?post=13"}],"curies":[{"name":"wp","href":"https:\/\/api.w.org\/{rel}","templated":true}]}}