{"id":54,"date":"2023-12-23T23:20:09","date_gmt":"2023-12-23T22:20:09","guid":{"rendered":"https:\/\/wonderjerky.com\/?post_type=product&#038;p=54"},"modified":"2024-02-07T21:54:37","modified_gmt":"2024-02-07T20:54:37","slug":"spiced-pork","status":"publish","type":"product","link":"https:\/\/wonderjerky.com\/ua\/jerky\/spiced-pork\/","title":{"rendered":"\u041f\u0440\u044f\u043d\u0430 \u0441\u0432\u0438\u043d\u0438\u043d\u0430"},"content":{"rendered":"<h2 class=\"wp-block-heading\" id=\"block-9f77d8d7-1bb8-422c-88d5-07e3d3bb797d\">Jerky o smaku wieprzowym i zio\u0142owym<\/h2>\n\n\n\n<p id=\"block-006e8b56-9967-4792-abc2-3f3318e9e5be\"><strong>\u0421\u043c\u0430\u043a\u043e\u0432\u0456 \u0432\u0440\u0430\u0436\u0435\u043d\u043d\u044f:<\/strong><br>Odkryj wyrafinowany \u015bwiat smak\u00f3w z naszej zio\u0142owej wieprzowinie, w kt\u00f3rym zio\u0142owe smaki doskonale \u0142\u0105cz\u0105 si\u0119 z wyselekcjonowanym mi\u0119sem gazowanym. Mi\u0119so po wysuszeniu zachowuje bogaty, zio\u0142owy smak, a w\u0142\u00f3knista struktura pozwala cieszy\u0107 si\u0119 tym doznaniem przez d\u0142ugi czas.<\/p>\n\n\n\n<p id=\"block-4a3838fc-b1d4-4569-bbb4-e06f41455640\"><strong>\u041d\u0430\u0442\u0443\u0440\u0430\u043b\u044c\u043d\u0456\u0441\u0442\u044c \u0442\u0430 \u044f\u043a\u0456\u0441\u0442\u044c:<\/strong><br>Aby zapewni\u0107 najwy\u017cszy standard jako\u015bci, u\u017cywamy wy\u0142\u0105cznie chudej, schab wieprzowy. Bez sztucznych dodatk\u00f3w i konserwant\u00f3w nasz Jerky to czysty, naturalny smak.<\/p>\n\n\n\n<p id=\"block-42f9121a-18af-4463-a29b-d4427db2c56b\"><strong>D\u0142ugotrwa\u0142a satysfakcja smakowa:<br><\/strong>Po ka\u017cdym k\u0119sie poczuj, jak odkrywa przed Tob\u0105 bogaty smak zi\u00f3\u0142 i mi\u0119sa. W\u0142\u00f3knista struktura pozwala cieszy\u0107 si\u0119 tym niezr\u00f3wnanym smakiem przez d\u0142ugi czas.<\/p>\n\n\n\n<p id=\"block-718138bd-8125-4a7f-8378-219f4cbecc96\"><strong>\u0420\u0435\u043a\u043e\u043c\u0435\u043d\u0434\u0430\u0446\u0456\u0457 \u0437 \u0432\u0436\u0438\u0432\u0430\u043d\u043d\u044f:<\/strong><\/p>\n\n\n\n<ul class=\"wp-block-list\" id=\"block-e872f295-7be9-49a6-a328-3570010af68e\">\n<li><em>Idealny kompan piwa:<\/em> Rozkoszuj si\u0119 niezr\u00f3wnanym smakiem Jerky, towarzysz\u0105c mu ulubionym piwem.<\/li>\n\n\n\n<li><em>\u0421\u043f\u043e\u0440\u0442\u0438\u0432\u043d\u0438\u0439 \u043f\u0435\u0440\u0435\u043a\u0443\u0441:<\/em> Stw\u00f3rz sw\u00f3j w\u0142asny wiecz\u00f3r gastronomiczny, \u0142\u0105cz\u0105c Jerky z r\u00f3\u017cnymi winami. Ciesz si\u0119 ta\u0144cem smak\u00f3w, w kt\u00f3rym ka\u017cdy k\u0119s jest oddzielnym odcinkiem Twojej w\u0142asnej symfonii przyjemno\u015bci.<\/li>\n<\/ul>\n\n\n\n<p id=\"block-a3d6937b-e8ff-42e5-8e89-df2550090e61\"><strong>\u041f\u043e\u0440\u0430\u0434\u0430 \u0434\u043b\u044f \u0433\u0443\u0440\u043c\u0430\u043d\u0456\u0432:<\/strong> Zanurz si\u0119 w \u015bwiat autentycznych rozkoszy smakowych i otw\u00f3rz nowe horyzonty gastronomiczne dzi\u0119ki naszemu suszonemu mi\u0119su wieprzowemu. Podkre\u015bl jego elegancj\u0119 kieliszkiem dobrego czerwonego wina lub kraftowego piwa.<\/p>","protected":false},"excerpt":{"rendered":"<p>Pozw\u00f3l sobie na rozkoszowanie si\u0119 ekskluzywnym \u015bwiatem smak\u00f3w wybieraj\u0105c nasz\u0105 pikantn\u0105 szarpan\u0105 wieprzowin\u0119. To w\u0142a\u015bnie w tej przek\u0105sce aromat zi\u00f3\u0142 doskonale \u0142\u0105czy si\u0119 z wyselekcjonowanym gazowanym mi\u0119sem, a w\u0142\u00f3knista struktura sprawia, \u017ce \u200b\u200bwra\u017cenie to pozostaje d\u0142ugotrwa\u0142e.<\/p>","protected":false},"featured_media":143,"template":"","meta":[],"product_cat":[20],"product_tag":[21,50],"class_list":{"0":"post-54","1":"product","2":"type-product","3":"status-publish","4":"has-post-thumbnail","6":"product_cat-meat-snacks","7":"product_tag-meat","8":"product_tag-pork","10":"first","11":"instock","12":"shipping-taxable","13":"purchasable","14":"product-type-variable","15":"has-default-attributes"},"_links":{"self":[{"href":"https:\/\/wonderjerky.com\/ua\/wp-json\/wp\/v2\/product\/54","targetHints":{"allow":["GET"]}}],"collection":[{"href":"https:\/\/wonderjerky.com\/ua\/wp-json\/wp\/v2\/product"}],"about":[{"href":"https:\/\/wonderjerky.com\/ua\/wp-json\/wp\/v2\/types\/product"}],"wp:featuredmedia":[{"embeddable":true,"href":"https:\/\/wonderjerky.com\/ua\/wp-json\/wp\/v2\/media\/143"}],"wp:attachment":[{"href":"https:\/\/wonderjerky.com\/ua\/wp-json\/wp\/v2\/media?parent=54"}],"wp:term":[{"taxonomy":"product_cat","embeddable":true,"href":"https:\/\/wonderjerky.com\/ua\/wp-json\/wp\/v2\/product_cat?post=54"},{"taxonomy":"product_tag","embeddable":true,"href":"https:\/\/wonderjerky.com\/ua\/wp-json\/wp\/v2\/product_tag?post=54"}],"curies":[{"name":"wp","href":"https:\/\/api.w.org\/{rel}","templated":true}]}}